{"id":1250,"date":"2026-02-03T11:51:22","date_gmt":"2026-02-03T11:51:22","guid":{"rendered":"https:\/\/bdmc.bylevupp.com\/note-legali\/"},"modified":"2026-02-04T11:21:59","modified_gmt":"2026-02-04T11:21:59","slug":"note-legali","status":"publish","type":"page","link":"https:\/\/bdlp.mc\/it\/note-legali\/","title":{"rendered":"Note legali"},"content":{"rendered":"<p>[et_pb_section fb_built=&#8221;1&#8243; module_class=&#8221;lp-vcenter&#8221; _builder_version=&#8221;4.27.4&#8243; _module_preset=&#8221;default&#8221; background_enable_image=&#8221;off&#8221; custom_padding=&#8221;100px||||false|false&#8221; global_colors_info=&#8221;{}&#8221; theme_builder_area=&#8221;post_content&#8221;][et_pb_row _builder_version=&#8221;4.27.4&#8243; _module_preset=&#8221;default&#8221; global_colors_info=&#8221;{}&#8221; theme_builder_area=&#8221;post_content&#8221;][et_pb_column type=&#8221;4_4&#8243; _builder_version=&#8221;4.27.4&#8243; _module_preset=&#8221;default&#8221; global_colors_info=&#8221;{}&#8221; theme_builder_area=&#8221;post_content&#8221;][et_pb_text _builder_version=&#8221;4.27.4&#8243; _module_preset=&#8221;default&#8221; header_font=&#8221;||||||||&#8221; header_text_color=&#8221;#222222&#8243; header_font_size=&#8221;58px&#8221; animation_direction=&#8221;bottom&#8221; hover_enabled=&#8221;0&#8243; header_font_size_tablet=&#8221;60px&#8221; header_font_size_phone=&#8221;42px&#8221; header_font_size_last_edited=&#8221;on|phone&#8221; locked=&#8221;off&#8221; global_colors_info=&#8221;{}&#8221; theme_builder_area=&#8221;post_content&#8221; sticky_enabled=&#8221;0&#8243;]<\/p>\n<h1>Note legali<\/h1>\n<p>[\/et_pb_text][\/et_pb_column][\/et_pb_row][\/et_pb_section][et_pb_section fb_built=&#8221;1&#8243; _builder_version=&#8221;4.27.4&#8243; _module_preset=&#8221;default&#8221; background_color=&#8221;#F7F7F7&#8243; global_colors_info=&#8221;{}&#8221; theme_builder_area=&#8221;post_content&#8221;][et_pb_row column_structure=&#8221;1_4,3_4&#8243; use_custom_gutter=&#8221;on&#8221; gutter_width=&#8221;2&#8243; _builder_version=&#8221;4.27.4&#8243; _module_preset=&#8221;default&#8221; width=&#8221;90%&#8221; custom_padding=&#8221;||0px||false|false&#8221; global_colors_info=&#8221;{}&#8221; theme_builder_area=&#8221;post_content&#8221;][et_pb_column type=&#8221;1_4&#8243; _builder_version=&#8221;4.27.4&#8243; _module_preset=&#8221;default&#8221; background_color=&#8221;#FFFFFF&#8221; custom_padding=&#8221;50px|40px|50px|40px|true|true&#8221; sticky_position=&#8221;top&#8221; sticky_offset_top=&#8221;50px&#8221; sticky_limit_bottom=&#8221;row&#8221; sticky_position_tablet=&#8221;none&#8221; sticky_position_phone=&#8221;none&#8221; sticky_position_last_edited=&#8221;on|desktop&#8221; border_radii=&#8221;on|20px|20px|20px|20px&#8221; global_colors_info=&#8221;{}&#8221; theme_builder_area=&#8221;post_content&#8221;][et_pb_text _builder_version=&#8221;4.27.4&#8243; _module_preset=&#8221;default&#8221; global_colors_info=&#8221;{}&#8221; theme_builder_area=&#8221;post_content&#8221;]<\/p>\n<h2>Sommario<\/h2>\n<p>[\/et_pb_text][et_pb_text _builder_version=&#8221;4.27.4&#8243; _module_preset=&#8221;default&#8221; link_text_color=&#8221;#222222&#8243; hover_enabled=&#8221;0&#8243; global_colors_info=&#8221;{}&#8221; theme_builder_area=&#8221;post_content&#8221; sticky_enabled=&#8221;0&#8243;]<a href=\"#editeur\">Editore<\/a><\/p>\n<p><a href=\"#hebergement\">Hosting<\/a><\/p>\n<p><a href=\"#conception\">Progettazione e web design<\/a><\/p>\n<p><a href=\"#propriete\">Propriet\u00e0 intellettuale<\/a>[\/et_pb_text][\/et_pb_column][et_pb_column type=&#8221;3_4&#8243; _builder_version=&#8221;4.27.4&#8243; _module_preset=&#8221;default&#8221; global_colors_info=&#8221;{}&#8221; theme_builder_area=&#8221;post_content&#8221;][et_pb_text _builder_version=&#8221;4.27.4&#8243; _module_preset=&#8221;default&#8221; hover_enabled=&#8221;0&#8243; global_colors_info=&#8221;{}&#8221; theme_builder_area=&#8221;post_content&#8221; link_text_color=&#8221;#222222&#8243; sticky_enabled=&#8221;0&#8243;]<\/p>\n<h2 id=\"editeur\">Editore<\/h2>\n<p>Il sito internet accessibile a qualsiasi utente (l\u2019 \u201cUtente\u201d) al seguente indirizzo URL (di seguito il \u201cSito\u201d), nonch\u00e9 le diverse funzionalit\u00e0 che lo compongono, sono gestiti ed editi da:<\/p>\n<p><strong>La Societ\u00e0 BD LP MONACO<\/strong> (l\u2019 \u201cEditore\u201d)<br \/>Societ\u00e0 a responsabilit\u00e0 limitata con capitale sociale di 15.000,00 \u20ac.<br \/>Azienda di Monaco registrata con il numero di identificazione 25S10178<br \/>Con sede legale in 4\/6, Rue des Lilas \u2013 Villa Le D\u00f4me a Monaco (98000).<br \/>+377 92 00 88 65 | <a href=\"mailto:contact@bdlp.mc\">contact@bdlp.mc<\/a><br \/>Direttore(i) di pubblicazione: Laetitia Patetta Arena<\/p>\n<p>&nbsp;<\/p>\n<h2 id=\"hebergement\">Hosting<\/h2>\n<p><strong>La Societ\u00e0 OVH<\/strong><br \/>Con sede legale in 2, Rue Kellerman a Roubaix (59100)<\/p>\n<p>&nbsp;<\/p>\n<h2 id=\"conception\">Progettazione e web design<\/h2>\n<p><a href=\"https:\/\/www.levupp.com\" target=\"_blank\" rel=\"noopener\"><strong>La Societ\u00e0 LEVUPP<\/strong><\/a><br \/>Societ\u00e0 a responsabilit\u00e0 limitata<br \/>Iscritta al Registro delle Imprese di Marsiglia con il numero 847 918 810<br \/>Con sede legale in 16, Rue Grignan a Marsiglia (13001)<\/p>\n<p>&nbsp;<\/p>\n<h2 id=\"propriete\">Propriet\u00e0 intellettuale<\/h2>\n<p>Il Sito e l&#8217;integralit\u00e0 degli elementi che lo compongono, in particolare e senza che l&#8217;elencazione sia esaustiva, i marchi, i loghi, i segni distintivi, i testi, gli articoli, le fotografie, le illustrazioni, le newsletter, i comunicati, le presentazioni, le brochure, ecc., sono di propriet\u00e0 intellettuale esclusiva dell&#8217;Editore, o sono oggetto di autorizzazione all&#8217;uso, ad eccezione dei marchi di terzi che potrebbero essere citati.<\/p>\n<p>Oltre alle foto e illustrazioni appartenenti all&#8217;Editore, alcune fotografie e illustrazioni utilizzate per il Sito provengono dal sito Unsplash (www.unsplash.com).<\/p>\n<p>L&#8217;Utente non \u00e8 autorizzato a riprodurre, rappresentare, modificare, tradurre e\/o adattare, parzialmente o totalmente, a titolo oneroso o gratuito, il Sito e ciascuno degli elementi che lo compongono, n\u00e9 a riprodurre o rappresentare tali traduzioni, adattamenti e modifiche, parzialmente o totalmente, a titolo oneroso o gratuito, senza il previo consenso scritto dell&#8217;Editore.<\/p>\n<p>[\/et_pb_text][\/et_pb_column][\/et_pb_row][\/et_pb_section]<\/p>\n","protected":false},"excerpt":{"rendered":"<p>Note legaliSommarioEditore Hosting Progettazione e web design Propriet\u00e0 intellettualeEditore Il sito internet accessibile a qualsiasi utente (l\u2019 \u201cUtente\u201d) al seguente indirizzo URL (di seguito il \u201cSito\u201d), nonch\u00e9 le diverse funzionalit\u00e0 che lo compongono, sono gestiti ed editi da: La Societ\u00e0 BD LP MONACO (l\u2019 \u201cEditore\u201d)Societ\u00e0 a responsabilit\u00e0 limitata con capitale sociale di 15.000,00 \u20ac.Azienda di Monaco registrata con il numero di identificazione 25S10178Con sede legale in 4\/6, Rue des Lilas \u2013 Villa Le D\u00f4me a Monaco (98000).+377 92 00 88 65 | contact@bdlp.mcDirettore(i) di pubblicazione: Laetitia Patetta Arena &nbsp; Hosting La Societ\u00e0 OVHCon sede legale in 2, Rue Kellerman a Roubaix (59100) &nbsp; Progettazione e web design La Societ\u00e0 LEVUPPSociet\u00e0 a responsabilit\u00e0 limitataIscritta al Registro delle Imprese di Marsiglia con il numero 847 918 810Con sede legale in 16, Rue Grignan a Marsiglia (13001) &nbsp; Propriet\u00e0 intellettuale Il Sito e l&#8217;integralit\u00e0 degli elementi che lo compongono, in particolare e senza che l&#8217;elencazione sia esaustiva, i marchi, i loghi, i segni distintivi, i testi, gli articoli, le fotografie, le illustrazioni, le newsletter, i comunicati, le presentazioni, le brochure, ecc., sono di propriet\u00e0 intellettuale esclusiva dell&#8217;Editore, o sono oggetto di autorizzazione all&#8217;uso, ad eccezione dei marchi di terzi che potrebbero essere citati. [&hellip;]<\/p>\n","protected":false},"author":1,"featured_media":1457,"parent":0,"menu_order":0,"comment_status":"closed","ping_status":"closed","template":"","meta":{"_acf_changed":false,"_et_pb_use_builder":"on","_et_pb_old_content":"","_et_gb_content_width":"","footnotes":""},"class_list":["post-1250","page","type-page","status-publish","has-post-thumbnail","hentry"],"acf":[],"yoast_head":"<!-- This site is optimized with the Yoast SEO plugin v27.4 - https:\/\/yoast.com\/product\/yoast-seo-wordpress\/ -->\n<title>Note legali - BD LP<\/title>\n<meta name=\"description\" content=\"Consulta le note legali del sito BD LP Monaco: editore, hosting, progettazione, propriet\u00e0 intellettuale e informazioni normative.\" \/>\n<meta name=\"robots\" content=\"index, follow, max-snippet:-1, max-image-preview:large, max-video-preview:-1\" \/>\n<link rel=\"canonical\" href=\"https:\/\/bdlp.mc\/it\/note-legali\/\" \/>\n<meta property=\"og:locale\" content=\"it_IT\" \/>\n<meta property=\"og:type\" content=\"article\" \/>\n<meta property=\"og:title\" content=\"Note legali - BD LP\" \/>\n<meta property=\"og:description\" content=\"Consulta le note legali del sito BD LP Monaco: editore, hosting, progettazione, propriet\u00e0 intellettuale e informazioni normative.\" \/>\n<meta property=\"og:url\" content=\"https:\/\/bdlp.mc\/it\/note-legali\/\" \/>\n<meta property=\"og:site_name\" content=\"BD LP\" \/>\n<meta property=\"article:modified_time\" content=\"2026-02-04T11:21:59+00:00\" \/>\n<meta property=\"og:image\" content=\"https:\/\/bdlp.mc\/wp-content\/uploads\/2026\/02\/BDLP-Cover.png\" \/>\n\t<meta property=\"og:image:width\" content=\"1500\" \/>\n\t<meta property=\"og:image:height\" content=\"740\" \/>\n\t<meta property=\"og:image:type\" content=\"image\/png\" \/>\n<meta name=\"twitter:card\" content=\"summary_large_image\" \/>\n<meta name=\"twitter:label1\" content=\"Tempo di lettura stimato\" \/>\n\t<meta name=\"twitter:data1\" content=\"3 minuti\" \/>\n<script type=\"application\/ld+json\" class=\"yoast-schema-graph\">{\"@context\":\"https:\\\/\\\/schema.org\",\"@graph\":[{\"@type\":\"WebPage\",\"@id\":\"https:\\\/\\\/bdlp.mc\\\/it\\\/note-legali\\\/\",\"url\":\"https:\\\/\\\/bdlp.mc\\\/it\\\/note-legali\\\/\",\"name\":\"Note legali - BD LP\",\"isPartOf\":{\"@id\":\"https:\\\/\\\/bdlp.mc\\\/it\\\/#website\"},\"primaryImageOfPage\":{\"@id\":\"https:\\\/\\\/bdlp.mc\\\/it\\\/note-legali\\\/#primaryimage\"},\"image\":{\"@id\":\"https:\\\/\\\/bdlp.mc\\\/it\\\/note-legali\\\/#primaryimage\"},\"thumbnailUrl\":\"https:\\\/\\\/bdlp.mc\\\/wp-content\\\/uploads\\\/2026\\\/02\\\/BDLP-Cover.png\",\"datePublished\":\"2026-02-03T11:51:22+00:00\",\"dateModified\":\"2026-02-04T11:21:59+00:00\",\"description\":\"Consulta le note legali del sito BD LP Monaco: editore, hosting, progettazione, propriet\u00e0 intellettuale e informazioni normative.\",\"breadcrumb\":{\"@id\":\"https:\\\/\\\/bdlp.mc\\\/it\\\/note-legali\\\/#breadcrumb\"},\"inLanguage\":\"it-IT\",\"potentialAction\":[{\"@type\":\"ReadAction\",\"target\":[\"https:\\\/\\\/bdlp.mc\\\/it\\\/note-legali\\\/\"]}]},{\"@type\":\"ImageObject\",\"inLanguage\":\"it-IT\",\"@id\":\"https:\\\/\\\/bdlp.mc\\\/it\\\/note-legali\\\/#primaryimage\",\"url\":\"https:\\\/\\\/bdlp.mc\\\/wp-content\\\/uploads\\\/2026\\\/02\\\/BDLP-Cover.png\",\"contentUrl\":\"https:\\\/\\\/bdlp.mc\\\/wp-content\\\/uploads\\\/2026\\\/02\\\/BDLP-Cover.png\",\"width\":1500,\"height\":740},{\"@type\":\"BreadcrumbList\",\"@id\":\"https:\\\/\\\/bdlp.mc\\\/it\\\/note-legali\\\/#breadcrumb\",\"itemListElement\":[{\"@type\":\"ListItem\",\"position\":1,\"name\":\"Home\",\"item\":\"https:\\\/\\\/bdlp.mc\\\/it\\\/\"},{\"@type\":\"ListItem\",\"position\":2,\"name\":\"Note legali\"}]},{\"@type\":\"WebSite\",\"@id\":\"https:\\\/\\\/bdlp.mc\\\/it\\\/#website\",\"url\":\"https:\\\/\\\/bdlp.mc\\\/it\\\/\",\"name\":\"BD LP\",\"description\":\"De l&#039;exigence r\u00e8glementaire \u00e0 l&#039;avantage strat\u00e9gique\",\"publisher\":{\"@id\":\"https:\\\/\\\/bdlp.mc\\\/it\\\/#organization\"},\"potentialAction\":[{\"@type\":\"SearchAction\",\"target\":{\"@type\":\"EntryPoint\",\"urlTemplate\":\"https:\\\/\\\/bdlp.mc\\\/it\\\/?s={search_term_string}\"},\"query-input\":{\"@type\":\"PropertyValueSpecification\",\"valueRequired\":true,\"valueName\":\"search_term_string\"}}],\"inLanguage\":\"it-IT\"},{\"@type\":\"Organization\",\"@id\":\"https:\\\/\\\/bdlp.mc\\\/it\\\/#organization\",\"name\":\"BD LP\",\"url\":\"https:\\\/\\\/bdlp.mc\\\/it\\\/\",\"logo\":{\"@type\":\"ImageObject\",\"inLanguage\":\"it-IT\",\"@id\":\"https:\\\/\\\/bdlp.mc\\\/it\\\/#\\\/schema\\\/logo\\\/image\\\/\",\"url\":\"https:\\\/\\\/bdlp.mc\\\/wp-content\\\/uploads\\\/2026\\\/01\\\/f5f01d5039589f374e272fcf813536d4839b1c26-scaled.png\",\"contentUrl\":\"https:\\\/\\\/bdlp.mc\\\/wp-content\\\/uploads\\\/2026\\\/01\\\/f5f01d5039589f374e272fcf813536d4839b1c26-scaled.png\",\"width\":2560,\"height\":549,\"caption\":\"BD LP\"},\"image\":{\"@id\":\"https:\\\/\\\/bdlp.mc\\\/it\\\/#\\\/schema\\\/logo\\\/image\\\/\"}}]}<\/script>\n<!-- \/ Yoast SEO plugin. -->","yoast_head_json":{"title":"Note legali - BD LP","description":"Consulta le note legali del sito BD LP Monaco: editore, hosting, progettazione, propriet\u00e0 intellettuale e informazioni normative.","robots":{"index":"index","follow":"follow","max-snippet":"max-snippet:-1","max-image-preview":"max-image-preview:large","max-video-preview":"max-video-preview:-1"},"canonical":"https:\/\/bdlp.mc\/it\/note-legali\/","og_locale":"it_IT","og_type":"article","og_title":"Note legali - BD LP","og_description":"Consulta le note legali del sito BD LP Monaco: editore, hosting, progettazione, propriet\u00e0 intellettuale e informazioni normative.","og_url":"https:\/\/bdlp.mc\/it\/note-legali\/","og_site_name":"BD LP","article_modified_time":"2026-02-04T11:21:59+00:00","og_image":[{"width":1500,"height":740,"url":"https:\/\/bdlp.mc\/wp-content\/uploads\/2026\/02\/BDLP-Cover.png","type":"image\/png"}],"twitter_card":"summary_large_image","twitter_misc":{"Tempo di lettura stimato":"3 minuti"},"schema":{"@context":"https:\/\/schema.org","@graph":[{"@type":"WebPage","@id":"https:\/\/bdlp.mc\/it\/note-legali\/","url":"https:\/\/bdlp.mc\/it\/note-legali\/","name":"Note legali - BD LP","isPartOf":{"@id":"https:\/\/bdlp.mc\/it\/#website"},"primaryImageOfPage":{"@id":"https:\/\/bdlp.mc\/it\/note-legali\/#primaryimage"},"image":{"@id":"https:\/\/bdlp.mc\/it\/note-legali\/#primaryimage"},"thumbnailUrl":"https:\/\/bdlp.mc\/wp-content\/uploads\/2026\/02\/BDLP-Cover.png","datePublished":"2026-02-03T11:51:22+00:00","dateModified":"2026-02-04T11:21:59+00:00","description":"Consulta le note legali del sito BD LP Monaco: editore, hosting, progettazione, propriet\u00e0 intellettuale e informazioni normative.","breadcrumb":{"@id":"https:\/\/bdlp.mc\/it\/note-legali\/#breadcrumb"},"inLanguage":"it-IT","potentialAction":[{"@type":"ReadAction","target":["https:\/\/bdlp.mc\/it\/note-legali\/"]}]},{"@type":"ImageObject","inLanguage":"it-IT","@id":"https:\/\/bdlp.mc\/it\/note-legali\/#primaryimage","url":"https:\/\/bdlp.mc\/wp-content\/uploads\/2026\/02\/BDLP-Cover.png","contentUrl":"https:\/\/bdlp.mc\/wp-content\/uploads\/2026\/02\/BDLP-Cover.png","width":1500,"height":740},{"@type":"BreadcrumbList","@id":"https:\/\/bdlp.mc\/it\/note-legali\/#breadcrumb","itemListElement":[{"@type":"ListItem","position":1,"name":"Home","item":"https:\/\/bdlp.mc\/it\/"},{"@type":"ListItem","position":2,"name":"Note legali"}]},{"@type":"WebSite","@id":"https:\/\/bdlp.mc\/it\/#website","url":"https:\/\/bdlp.mc\/it\/","name":"BD LP","description":"De l&#039;exigence r\u00e8glementaire \u00e0 l&#039;avantage strat\u00e9gique","publisher":{"@id":"https:\/\/bdlp.mc\/it\/#organization"},"potentialAction":[{"@type":"SearchAction","target":{"@type":"EntryPoint","urlTemplate":"https:\/\/bdlp.mc\/it\/?s={search_term_string}"},"query-input":{"@type":"PropertyValueSpecification","valueRequired":true,"valueName":"search_term_string"}}],"inLanguage":"it-IT"},{"@type":"Organization","@id":"https:\/\/bdlp.mc\/it\/#organization","name":"BD LP","url":"https:\/\/bdlp.mc\/it\/","logo":{"@type":"ImageObject","inLanguage":"it-IT","@id":"https:\/\/bdlp.mc\/it\/#\/schema\/logo\/image\/","url":"https:\/\/bdlp.mc\/wp-content\/uploads\/2026\/01\/f5f01d5039589f374e272fcf813536d4839b1c26-scaled.png","contentUrl":"https:\/\/bdlp.mc\/wp-content\/uploads\/2026\/01\/f5f01d5039589f374e272fcf813536d4839b1c26-scaled.png","width":2560,"height":549,"caption":"BD LP"},"image":{"@id":"https:\/\/bdlp.mc\/it\/#\/schema\/logo\/image\/"}}]}},"_links":{"self":[{"href":"https:\/\/bdlp.mc\/it\/wp-json\/wp\/v2\/pages\/1250","targetHints":{"allow":["GET"]}}],"collection":[{"href":"https:\/\/bdlp.mc\/it\/wp-json\/wp\/v2\/pages"}],"about":[{"href":"https:\/\/bdlp.mc\/it\/wp-json\/wp\/v2\/types\/page"}],"author":[{"embeddable":true,"href":"https:\/\/bdlp.mc\/it\/wp-json\/wp\/v2\/users\/1"}],"replies":[{"embeddable":true,"href":"https:\/\/bdlp.mc\/it\/wp-json\/wp\/v2\/comments?post=1250"}],"version-history":[{"count":3,"href":"https:\/\/bdlp.mc\/it\/wp-json\/wp\/v2\/pages\/1250\/revisions"}],"predecessor-version":[{"id":1499,"href":"https:\/\/bdlp.mc\/it\/wp-json\/wp\/v2\/pages\/1250\/revisions\/1499"}],"wp:featuredmedia":[{"embeddable":true,"href":"https:\/\/bdlp.mc\/it\/wp-json\/wp\/v2\/media\/1457"}],"wp:attachment":[{"href":"https:\/\/bdlp.mc\/it\/wp-json\/wp\/v2\/media?parent=1250"}],"curies":[{"name":"wp","href":"https:\/\/api.w.org\/{rel}","templated":true}]}}