{"id":1254,"date":"2026-02-03T11:37:26","date_gmt":"2026-02-03T11:37:26","guid":{"rendered":"https:\/\/bdmc.bylevupp.com\/cgu\/"},"modified":"2026-02-04T11:19:13","modified_gmt":"2026-02-04T11:19:13","slug":"cgu","status":"publish","type":"page","link":"https:\/\/bdlp.mc\/it\/cgu\/","title":{"rendered":"CGU"},"content":{"rendered":"<p>[et_pb_section fb_built=&#8221;1&#8243; module_class=&#8221;lp-vcenter&#8221; _builder_version=&#8221;4.27.4&#8243; _module_preset=&#8221;default&#8221; background_enable_image=&#8221;off&#8221; custom_padding=&#8221;100px||||false|false&#8221; global_colors_info=&#8221;{}&#8221;][et_pb_row _builder_version=&#8221;4.27.4&#8243; _module_preset=&#8221;default&#8221; global_colors_info=&#8221;{}&#8221;][et_pb_column type=&#8221;4_4&#8243; _builder_version=&#8221;4.27.4&#8243; _module_preset=&#8221;default&#8221; global_colors_info=&#8221;{}&#8221;][et_pb_text _builder_version=&#8221;4.27.4&#8243; _module_preset=&#8221;default&#8221; header_font=&#8221;||||||||&#8221; header_text_color=&#8221;#222222&#8243; header_font_size=&#8221;58px&#8221; animation_direction=&#8221;bottom&#8221; hover_enabled=&#8221;0&#8243; header_font_size_tablet=&#8221;60px&#8221; header_font_size_phone=&#8221;42px&#8221; header_font_size_last_edited=&#8221;on|phone&#8221; locked=&#8221;off&#8221; global_colors_info=&#8221;{}&#8221; sticky_enabled=&#8221;0&#8243;]<\/p>\n<h1>Condizioni Generali d&#8217;Uso<\/h1>\n<p>[\/et_pb_text][\/et_pb_column][\/et_pb_row][\/et_pb_section][et_pb_section fb_built=&#8221;1&#8243; _builder_version=&#8221;4.27.4&#8243; _module_preset=&#8221;default&#8221; background_color=&#8221;#F7F7F7&#8243; global_colors_info=&#8221;{}&#8221;][et_pb_row column_structure=&#8221;1_4,3_4&#8243; use_custom_gutter=&#8221;on&#8221; gutter_width=&#8221;2&#8243; _builder_version=&#8221;4.27.4&#8243; _module_preset=&#8221;default&#8221; width=&#8221;90%&#8221; custom_padding=&#8221;||0px||false|false&#8221; global_colors_info=&#8221;{}&#8221;][et_pb_column type=&#8221;1_4&#8243; _builder_version=&#8221;4.27.4&#8243; _module_preset=&#8221;default&#8221; background_color=&#8221;#FFFFFF&#8221; custom_padding=&#8221;50px|40px|50px|40px|true|true&#8221; sticky_position=&#8221;top&#8221; sticky_offset_top=&#8221;50px&#8221; sticky_limit_bottom=&#8221;row&#8221; sticky_position_tablet=&#8221;none&#8221; sticky_position_phone=&#8221;none&#8221; sticky_position_last_edited=&#8221;on|desktop&#8221; border_radii=&#8221;on|20px|20px|20px|20px&#8221; global_colors_info=&#8221;{}&#8221;][et_pb_text _builder_version=&#8221;4.27.4&#8243; _module_preset=&#8221;default&#8221; global_colors_info=&#8221;{}&#8221;]<\/p>\n<h2>Sommario<\/h2>\n<p>[\/et_pb_text][et_pb_text _builder_version=&#8221;4.27.4&#8243; _module_preset=&#8221;default&#8221; link_text_color=&#8221;#222222&#8243; global_colors_info=&#8221;{}&#8221;]<a href=\"#objet\">Articolo 1 \u2013 Oggetto<\/a><\/p>\n<p><a href=\"#acces\">Articolo 2 \u2013 Accesso al Sito<\/a><\/p>\n<p><a href=\"#materiel\">Articolo 3 \u2013 Materiale dell&#8217;Utente<\/a><\/p>\n<p><a href=\"#responsabilite\">Articolo 4 \u2013 Responsabilit\u00e0 e siti terzi<\/a><\/p>\n<p><a href=\"#gestion\">Articolo 5 \u2013 Gestione del Sito<\/a><\/p>\n<p><a href=\"#pi\">Articolo 6 \u2013 Propriet\u00e0 intellettuale<\/a><\/p>\n<p><a href=\"#droit\">Articolo 7 \u2013 Diritto applicabile &#8211; Giurisdizione competente<\/a>[\/et_pb_text][\/et_pb_column][et_pb_column type=&#8221;3_4&#8243; _builder_version=&#8221;4.27.4&#8243; _module_preset=&#8221;default&#8221; global_colors_info=&#8221;{}&#8221;][et_pb_text _builder_version=&#8221;4.27.4&#8243; _module_preset=&#8221;default&#8221; global_colors_info=&#8221;{}&#8221;]<\/p>\n<h2>Premessa.<\/h2>\n<p>Le presenti condizioni generali d&#8217;uso (di seguito le \u201cCGU\u201d) sono concluse tra qualsiasi utente di internet che naviga o ha accesso al Sito, come di seguito definito, nonch\u00e9 alle sue funzionalit\u00e0 (di seguito l'(gli) \u201cUtente(i)\u201d). Il sito web accessibile tramite il seguente link URL LIEN URL (di seguito il \u201cSito\u201d) \u00e8 edito e gestito dalla Societ\u00e0 BD LP MONACO \u2013 societ\u00e0 a responsabilit\u00e0 limitata di diritto monegasco registrata con il numero di identificazione 25S10178 e con sede legale in 4\/6, Rue des Lilas a Monaco (98000) \u2013 (di seguito \u201cBD LP\u201d), e avente come attivit\u00e0 tutte le prestazioni di studio, aiuto e assistenza in materia di intelligence economica, l&#8217;accompagnamento all&#8217;attuazione e al controllo del rispetto delle normative nazionali e internazionali relative alla lotta contro il riciclaggio di capitali, il finanziamento del terrorismo, la proliferazione delle armi di distruzione di massa e la corruzione, ad esclusione di qualsiasi altra attivit\u00e0. <\/p>\n<p>&nbsp;<\/p>\n<h2 id=\"objet\">Articolo 1 \u2013 Oggetto<\/h2>\n<p>Le CGU definiscono e regolamentano le modalit\u00e0 di utilizzo del Sito da parte dell&#8217;Utente, e determinano i diritti e gli obblighi rispettivi dell&#8217;Utente e di BD LP nell&#8217;ambito di tale utilizzo. Redatte in lingua francese, sono destinate ad applicarsi in modo esclusivo tra BD LP e qualsiasi Utente che desideri accedere o utilizzare il Sito. Le CGU sono consultabili in qualsiasi momento sul Sito, tramite il link di riferimento presente a pi\u00e8 di pagina.  <\/p>\n<p>BD LP si riserva il diritto di modificare liberamente le CGU. Qualsiasi modifica avr\u00e0 effetto immediatamente e si applicher\u00e0 solo agli Utenti che utilizzano il Sito successivamente a tale modifica. <\/p>\n<p>Qualsiasi utilizzo del Sito, nonch\u00e9 qualsiasi download di brochure di presentazione, articoli e white paper da parte dell&#8217;Utente, costituisce accettazione manifesta e inequivocabile delle CGU.<\/p>\n<p>&nbsp;<\/p>\n<h2 id=\"acces\">Articolo 2 \u2013 Accesso al Sito<\/h2>\n<p>Il Sito fornisce informazioni pratiche relative all&#8217;attivit\u00e0 di BD LP. L&#8217;accesso al Sito \u00e8 libero per qualsiasi Utente, che pu\u00f2 accedervi gratuitamente consultando il seguente link URL LIEN URL. Pertanto, l&#8217;Utente acconsente a utilizzare il Sito in conformit\u00e0 a:  <\/p>\n<ul>\n<li>Alle leggi e ai regolamenti del diritto monegasco, ai trattati internazionali, al buon costume;<\/li>\n<li>Al buon funzionamento del Sito, in particolare non interferendo con le sue funzioni di sicurezza;<\/li>\n<li>All&#8217;immagine, alla reputazione e agli interessi di BD LP.<\/li>\n<\/ul>\n<p>L&#8217;Utente non potr\u00e0:<\/p>\n<ul>\n<li>Usurpare l&#8217;identit\u00e0 di BD LP, di un suo dipendente\/collaboratore o di un altro Utente del Sito;<\/li>\n<li>Utilizzare in tutto o in parte il Sito e il suo contenuto a fini commerciali;<\/li>\n<li>Utilizzare il Sito nell&#8217;ambito di un&#8217;azione volta a fare concorrenza a BD LP;<\/li>\n<\/ul>\n<p>In caso di inadempienza o tentativo di inadempienza dell&#8217;Utente a uno qualsiasi dei suoi obblighi di cui sopra, BD LP si riserva il diritto, a sua completa discrezione, di informare qualsiasi autorit\u00e0 competente e\/o di intraprendere qualsiasi azione consentita dalla legge monegasca.<\/p>\n<p>&nbsp;<\/p>\n<h2 id=\"materiel\">Articolo 3 \u2013 Materiale dell&#8217;Utente<\/h2>\n<p>Tutti i materiali e i software necessari per l&#8217;accesso e l&#8217;utilizzo del Sito rimangono esclusivamente a carico dell&#8217;Utente, il quale rimane l&#8217;unico responsabile del buon funzionamento della sua attrezzatura e del suo accesso a Internet. Spetta quindi a lui adottare tutte le misure appropriate per proteggere i propri dati, sistemi informatici e\/o software dalla contaminazione da eventuali virus. L&#8217;Utente \u00e8 l&#8217;unico responsabile dell&#8217;uso che fa del Sito.  <\/p>\n<p>Le spese generate dalla connessione al Sito sono a carico esclusivo dell&#8217;Utente.<\/p>\n<p>Qualsiasi contenuto scaricato avviene a rischio e pericolo dell&#8217;Utente, sotto la sua esclusiva responsabilit\u00e0 e comporta automaticamente l&#8217;adesione alle presenti CGU. Di conseguenza, BD LP non potr\u00e0 essere ritenuta responsabile di eventuali danni subiti dal computer dell&#8217;Utente o di qualsiasi perdita di dati successiva al download. <\/p>\n<p>Inoltre, l&#8217;Utente del Sito si impegna ad accedere al Sito utilizzando un&#8217;attrezzatura recente, priva di virus e con un browser di ultima generazione aggiornato.<\/p>\n<p>&nbsp;<\/p>\n<h2 id=\"responsabilite\">Articolo 4 \u2013 Responsabilit\u00e0 e siti terzi<\/h2>\n<p>BD LP si impegner\u00e0 ad assicurare la disponibilit\u00e0 e l&#8217;accessibilit\u00e0 del Sito in ogni momento, fatte salve eventuali manutenzioni programmate che richiedano un&#8217;interruzione tecnica temporanea.<\/p>\n<p>Tuttavia, BD LP non assume alcun impegno relativo alla disponibilit\u00e0 e\/o all&#8217;accessibilit\u00e0 permanente del Sito. Pertanto, il presente obbligo \u00e8 di mezzi, non potendo BD LP garantire la disponibilit\u00e0 continua del Sito a causa del potenziale verificarsi di eventi non dipendenti dalla sua volont\u00e0 (cyber-attacco, interruzione dell&#8217;hosting, interruzione di corrente, internet ecc.). BD LP si impegna comunque a fare del suo meglio per ripristinare l&#8217;accesso al Sito in caso di inaccessibilit\u00e0.  <\/p>\n<p>Il Sito pu\u00f2 contenere collegamenti ipertestuali che consentono all&#8217;Utente di essere reindirizzato verso un altro contenuto del Sito (link interno) o verso siti terzi (link esterno). Questi siti terzi sono regolati dalle proprie condizioni d&#8217;uso, alle quali l&#8217;Utente \u00e8 invitato a fare riferimento. BD LP declina pertanto ogni responsabilit\u00e0 derivante dall&#8217;accesso e\/o dall&#8217;utilizzo da parte dell&#8217;Utente di link esterni che conducono a siti terzi, e ogni responsabilit\u00e0 legata al contenuto di tali siti terzi (in particolare offerta di prodotti o servizi, pubblicit\u00e0) e ai danni diretti o indiretti che ne possano derivare.  <\/p>\n<p>BD LP declina ogni responsabilit\u00e0 per operazioni intervenute direttamente tra l&#8217;Utente e qualsiasi inserzionista, intermediario, influencer, professionista o commerciante terzo (compresi eventuali partner di BD LP) con il quale l&#8217;Utente sia stato messo in relazione tramite il Sito.<\/p>\n<p>&nbsp;<\/p>\n<h2 id=\"gestion\">Articolo 5 \u2013 Gestione del Sito<\/h2>\n<p>Il Sito pu\u00f2 presentare imperfezioni e\/o inesattezze. Di conseguenza, BD LP si riserva il diritto discrezionale, senza obbligo di preavviso, di alterare, modificare, interrompere o eliminare il contenuto del Sito in qualsiasi momento e per qualsiasi motivo, al fine di mantenerne il buon funzionamento e la protezione. <\/p>\n<p>BD LP si riserva inoltre il diritto di modificare o interrompere in tutto o in parte il Sito, alle stesse condizioni, tramite diversi aggiornamenti e attualizzazioni. Nessuna delle disposizioni delle presenti CGU pu\u00f2 essere interpretata come obbligante BD LP a mantenere il Sito. <\/p>\n<p>&nbsp;<\/p>\n<h2 id=\"pi\">Articolo 6 \u2013 Propriet\u00e0 intellettuale<\/h2>\n<p>Il Sito e ciascuno degli elementi che lo compongono, in particolare testi, articoli, newsletter, comunicati stampa, presentazioni, brochure, fotografie, ecc., sono di propriet\u00e0 intellettuale esclusiva di BD LP, o sono oggetto di autorizzazione all&#8217;uso, ad eccezione dei marchi di terzi che potrebbero essere citati.<\/p>\n<p>Le fotografie e le illustrazioni utilizzate sono di propriet\u00e0 esclusiva di BD LP o provengono dal sito Unsplash (www.unsplash.com).<\/p>\n<p>Salvo disposizione contraria, gli elementi presentati da BD LP sono di sua propriet\u00e0 esclusiva e sono protetti dai suoi diritti d&#8217;autore. In particolare, le caratteristiche, il database, le immagini, i grafici, le illustrazioni, i loghi, i marchi, i brevetti, i diritti d&#8217;autore e tutti i diritti di propriet\u00e0 intellettuale sono detenuti da BD LP. <\/p>\n<p>Pertanto, qualsiasi utilizzo non conforme dei segni distintivi e\/o degli elementi appartenenti a BD LP che non sia stato oggetto di previa autorizzazione espressa da parte di quest&#8217;ultima \u00e8 formalmente vietato. \u00c8 espressamente vietato riprodurre \u2013 in modo totale o parziale \u2013 il contenuto presentato, pena la violazione delle disposizioni relative alla contraffazione. Tale divieto comprende anche qualsiasi tentativo di duplicazione, diffusione o altro sfruttamento illegale dei contenuti, pena l&#8217;azione penale.  <\/p>\n<p>BD LP, a condizione che l&#8217;Utente sia qualificato per utilizzare il Sito in conformit\u00e0 a queste CGU, gli concede una licenza limitata che lo autorizza a: (1) accedere al Sito; (2) utilizzarlo; (3) beneficiare delle funzionalit\u00e0 del Sito per scopi personali e non commerciali, salvo i casi espressamente accettati da BD LP. In nessuna circostanza l&#8217;Utente pu\u00f2 rivendicare alcun diritto aggiuntivo sul Sito. <\/p>\n<p>L&#8217;Utente non \u00e8 autorizzato a riprodurre, rappresentare, modificare, tradurre e\/o adattare, parzialmente o totalmente, a titolo oneroso o gratuito, il Sito e ciascuno degli elementi che lo compongono, n\u00e9 a riprodurre o rappresentare tali traduzioni, adattamenti e modifiche, parzialmente o totalmente, a titolo oneroso o gratuito, senza il previo accordo scritto di BD LP.<\/p>\n<p>&nbsp;<\/p>\n<h2 id=\"droit\">Articolo 7 \u2013 Diritto applicabile &#8211; Giurisdizione competente<\/h2>\n<p>Le presenti CGU sono regolate dal diritto monegasco.<\/p>\n<p>Di conseguenza, le controversie relative all&#8217;applicazione, all&#8217;esecuzione e\/o all&#8217;interpretazione delle CGU sono soggette alla competenza esclusiva dei tribunali monegaschi competenti secondo le disposizioni applicabili.[\/et_pb_text][\/et_pb_column][\/et_pb_row][\/et_pb_section]<\/p>\n","protected":false},"excerpt":{"rendered":"<p>Condizioni Generali d&#8217;UsoSommarioArticolo 1 \u2013 Oggetto Articolo 2 \u2013 Accesso al Sito Articolo 3 \u2013 Materiale dell&#8217;Utente Articolo 4 \u2013 Responsabilit\u00e0 e siti terzi Articolo 5 \u2013 Gestione del Sito Articolo 6 \u2013 Propriet\u00e0 intellettuale Articolo 7 \u2013 Diritto applicabile &#8211; Giurisdizione competentePremessa. Le presenti condizioni generali d&#8217;uso (di seguito le \u201cCGU\u201d) sono concluse tra qualsiasi utente di internet che naviga o ha accesso al Sito, come di seguito definito, nonch\u00e9 alle sue funzionalit\u00e0 (di seguito l'(gli) \u201cUtente(i)\u201d). Il sito web accessibile tramite il seguente link URL LIEN URL (di seguito il \u201cSito\u201d) \u00e8 edito e gestito dalla Societ\u00e0 BD LP MONACO \u2013 societ\u00e0 a responsabilit\u00e0 limitata di diritto monegasco registrata con il numero di identificazione 25S10178 e con sede legale in 4\/6, Rue des Lilas a Monaco (98000) \u2013 (di seguito \u201cBD LP\u201d), e avente come attivit\u00e0 tutte le prestazioni di studio, aiuto e assistenza in materia di intelligence economica, l&#8217;accompagnamento all&#8217;attuazione e al controllo del rispetto delle normative nazionali e internazionali relative alla lotta contro il riciclaggio di capitali, il finanziamento del terrorismo, la proliferazione delle armi di distruzione di massa e la corruzione, ad esclusione di qualsiasi altra attivit\u00e0. &nbsp; Articolo 1 \u2013 Oggetto Le CGU definiscono [&hellip;]<\/p>\n","protected":false},"author":1,"featured_media":1457,"parent":0,"menu_order":0,"comment_status":"closed","ping_status":"closed","template":"","meta":{"_acf_changed":false,"_et_pb_use_builder":"on","_et_pb_old_content":"","_et_gb_content_width":"","footnotes":""},"class_list":["post-1254","page","type-page","status-publish","has-post-thumbnail","hentry"],"acf":[],"yoast_head":"<!-- This site is optimized with the Yoast SEO plugin v27.4 - https:\/\/yoast.com\/product\/yoast-seo-wordpress\/ -->\n<title>CGU - BD LP<\/title>\n<meta name=\"description\" content=\"Condizioni generali d&#039;uso del sito BD LP Monaco: accesso, obblighi, responsabilit\u00e0, gestione del sito e propriet\u00e0 intellettuale.\" \/>\n<meta name=\"robots\" content=\"index, follow, max-snippet:-1, max-image-preview:large, max-video-preview:-1\" \/>\n<link rel=\"canonical\" href=\"https:\/\/bdlp.mc\/it\/cgu\/\" \/>\n<meta property=\"og:locale\" content=\"it_IT\" \/>\n<meta property=\"og:type\" content=\"article\" \/>\n<meta property=\"og:title\" content=\"CGU - BD LP\" \/>\n<meta property=\"og:description\" content=\"Condizioni generali d&#039;uso del sito BD LP Monaco: accesso, obblighi, responsabilit\u00e0, gestione del sito e propriet\u00e0 intellettuale.\" \/>\n<meta property=\"og:url\" content=\"https:\/\/bdlp.mc\/it\/cgu\/\" \/>\n<meta property=\"og:site_name\" content=\"BD LP\" \/>\n<meta property=\"article:modified_time\" content=\"2026-02-04T11:19:13+00:00\" \/>\n<meta property=\"og:image\" content=\"https:\/\/bdlp.mc\/wp-content\/uploads\/2026\/02\/BDLP-Cover.png\" \/>\n\t<meta property=\"og:image:width\" content=\"1500\" \/>\n\t<meta property=\"og:image:height\" content=\"740\" \/>\n\t<meta property=\"og:image:type\" content=\"image\/png\" \/>\n<meta name=\"twitter:card\" content=\"summary_large_image\" \/>\n<meta name=\"twitter:label1\" content=\"Tempo di lettura stimato\" \/>\n\t<meta name=\"twitter:data1\" content=\"8 minuti\" \/>\n<script type=\"application\/ld+json\" class=\"yoast-schema-graph\">{\"@context\":\"https:\\\/\\\/schema.org\",\"@graph\":[{\"@type\":\"WebPage\",\"@id\":\"https:\\\/\\\/bdlp.mc\\\/it\\\/cgu\\\/\",\"url\":\"https:\\\/\\\/bdlp.mc\\\/it\\\/cgu\\\/\",\"name\":\"CGU - BD LP\",\"isPartOf\":{\"@id\":\"https:\\\/\\\/bdlp.mc\\\/it\\\/#website\"},\"primaryImageOfPage\":{\"@id\":\"https:\\\/\\\/bdlp.mc\\\/it\\\/cgu\\\/#primaryimage\"},\"image\":{\"@id\":\"https:\\\/\\\/bdlp.mc\\\/it\\\/cgu\\\/#primaryimage\"},\"thumbnailUrl\":\"https:\\\/\\\/bdlp.mc\\\/wp-content\\\/uploads\\\/2026\\\/02\\\/BDLP-Cover.png\",\"datePublished\":\"2026-02-03T11:37:26+00:00\",\"dateModified\":\"2026-02-04T11:19:13+00:00\",\"description\":\"Condizioni generali d'uso del sito BD LP Monaco: accesso, obblighi, responsabilit\u00e0, gestione del sito e propriet\u00e0 intellettuale.\",\"breadcrumb\":{\"@id\":\"https:\\\/\\\/bdlp.mc\\\/it\\\/cgu\\\/#breadcrumb\"},\"inLanguage\":\"it-IT\",\"potentialAction\":[{\"@type\":\"ReadAction\",\"target\":[\"https:\\\/\\\/bdlp.mc\\\/it\\\/cgu\\\/\"]}]},{\"@type\":\"ImageObject\",\"inLanguage\":\"it-IT\",\"@id\":\"https:\\\/\\\/bdlp.mc\\\/it\\\/cgu\\\/#primaryimage\",\"url\":\"https:\\\/\\\/bdlp.mc\\\/wp-content\\\/uploads\\\/2026\\\/02\\\/BDLP-Cover.png\",\"contentUrl\":\"https:\\\/\\\/bdlp.mc\\\/wp-content\\\/uploads\\\/2026\\\/02\\\/BDLP-Cover.png\",\"width\":1500,\"height\":740},{\"@type\":\"BreadcrumbList\",\"@id\":\"https:\\\/\\\/bdlp.mc\\\/it\\\/cgu\\\/#breadcrumb\",\"itemListElement\":[{\"@type\":\"ListItem\",\"position\":1,\"name\":\"Home\",\"item\":\"https:\\\/\\\/bdlp.mc\\\/it\\\/\"},{\"@type\":\"ListItem\",\"position\":2,\"name\":\"CGU\"}]},{\"@type\":\"WebSite\",\"@id\":\"https:\\\/\\\/bdlp.mc\\\/it\\\/#website\",\"url\":\"https:\\\/\\\/bdlp.mc\\\/it\\\/\",\"name\":\"BD LP\",\"description\":\"De l&#039;exigence r\u00e8glementaire \u00e0 l&#039;avantage strat\u00e9gique\",\"publisher\":{\"@id\":\"https:\\\/\\\/bdlp.mc\\\/it\\\/#organization\"},\"potentialAction\":[{\"@type\":\"SearchAction\",\"target\":{\"@type\":\"EntryPoint\",\"urlTemplate\":\"https:\\\/\\\/bdlp.mc\\\/it\\\/?s={search_term_string}\"},\"query-input\":{\"@type\":\"PropertyValueSpecification\",\"valueRequired\":true,\"valueName\":\"search_term_string\"}}],\"inLanguage\":\"it-IT\"},{\"@type\":\"Organization\",\"@id\":\"https:\\\/\\\/bdlp.mc\\\/it\\\/#organization\",\"name\":\"BD LP\",\"url\":\"https:\\\/\\\/bdlp.mc\\\/it\\\/\",\"logo\":{\"@type\":\"ImageObject\",\"inLanguage\":\"it-IT\",\"@id\":\"https:\\\/\\\/bdlp.mc\\\/it\\\/#\\\/schema\\\/logo\\\/image\\\/\",\"url\":\"https:\\\/\\\/bdlp.mc\\\/wp-content\\\/uploads\\\/2026\\\/01\\\/f5f01d5039589f374e272fcf813536d4839b1c26-scaled.png\",\"contentUrl\":\"https:\\\/\\\/bdlp.mc\\\/wp-content\\\/uploads\\\/2026\\\/01\\\/f5f01d5039589f374e272fcf813536d4839b1c26-scaled.png\",\"width\":2560,\"height\":549,\"caption\":\"BD LP\"},\"image\":{\"@id\":\"https:\\\/\\\/bdlp.mc\\\/it\\\/#\\\/schema\\\/logo\\\/image\\\/\"}}]}<\/script>\n<!-- \/ Yoast SEO plugin. -->","yoast_head_json":{"title":"CGU - BD LP","description":"Condizioni generali d'uso del sito BD LP Monaco: accesso, obblighi, responsabilit\u00e0, gestione del sito e propriet\u00e0 intellettuale.","robots":{"index":"index","follow":"follow","max-snippet":"max-snippet:-1","max-image-preview":"max-image-preview:large","max-video-preview":"max-video-preview:-1"},"canonical":"https:\/\/bdlp.mc\/it\/cgu\/","og_locale":"it_IT","og_type":"article","og_title":"CGU - BD LP","og_description":"Condizioni generali d'uso del sito BD LP Monaco: accesso, obblighi, responsabilit\u00e0, gestione del sito e propriet\u00e0 intellettuale.","og_url":"https:\/\/bdlp.mc\/it\/cgu\/","og_site_name":"BD LP","article_modified_time":"2026-02-04T11:19:13+00:00","og_image":[{"width":1500,"height":740,"url":"https:\/\/bdlp.mc\/wp-content\/uploads\/2026\/02\/BDLP-Cover.png","type":"image\/png"}],"twitter_card":"summary_large_image","twitter_misc":{"Tempo di lettura stimato":"8 minuti"},"schema":{"@context":"https:\/\/schema.org","@graph":[{"@type":"WebPage","@id":"https:\/\/bdlp.mc\/it\/cgu\/","url":"https:\/\/bdlp.mc\/it\/cgu\/","name":"CGU - BD LP","isPartOf":{"@id":"https:\/\/bdlp.mc\/it\/#website"},"primaryImageOfPage":{"@id":"https:\/\/bdlp.mc\/it\/cgu\/#primaryimage"},"image":{"@id":"https:\/\/bdlp.mc\/it\/cgu\/#primaryimage"},"thumbnailUrl":"https:\/\/bdlp.mc\/wp-content\/uploads\/2026\/02\/BDLP-Cover.png","datePublished":"2026-02-03T11:37:26+00:00","dateModified":"2026-02-04T11:19:13+00:00","description":"Condizioni generali d'uso del sito BD LP Monaco: accesso, obblighi, responsabilit\u00e0, gestione del sito e propriet\u00e0 intellettuale.","breadcrumb":{"@id":"https:\/\/bdlp.mc\/it\/cgu\/#breadcrumb"},"inLanguage":"it-IT","potentialAction":[{"@type":"ReadAction","target":["https:\/\/bdlp.mc\/it\/cgu\/"]}]},{"@type":"ImageObject","inLanguage":"it-IT","@id":"https:\/\/bdlp.mc\/it\/cgu\/#primaryimage","url":"https:\/\/bdlp.mc\/wp-content\/uploads\/2026\/02\/BDLP-Cover.png","contentUrl":"https:\/\/bdlp.mc\/wp-content\/uploads\/2026\/02\/BDLP-Cover.png","width":1500,"height":740},{"@type":"BreadcrumbList","@id":"https:\/\/bdlp.mc\/it\/cgu\/#breadcrumb","itemListElement":[{"@type":"ListItem","position":1,"name":"Home","item":"https:\/\/bdlp.mc\/it\/"},{"@type":"ListItem","position":2,"name":"CGU"}]},{"@type":"WebSite","@id":"https:\/\/bdlp.mc\/it\/#website","url":"https:\/\/bdlp.mc\/it\/","name":"BD LP","description":"De l&#039;exigence r\u00e8glementaire \u00e0 l&#039;avantage strat\u00e9gique","publisher":{"@id":"https:\/\/bdlp.mc\/it\/#organization"},"potentialAction":[{"@type":"SearchAction","target":{"@type":"EntryPoint","urlTemplate":"https:\/\/bdlp.mc\/it\/?s={search_term_string}"},"query-input":{"@type":"PropertyValueSpecification","valueRequired":true,"valueName":"search_term_string"}}],"inLanguage":"it-IT"},{"@type":"Organization","@id":"https:\/\/bdlp.mc\/it\/#organization","name":"BD LP","url":"https:\/\/bdlp.mc\/it\/","logo":{"@type":"ImageObject","inLanguage":"it-IT","@id":"https:\/\/bdlp.mc\/it\/#\/schema\/logo\/image\/","url":"https:\/\/bdlp.mc\/wp-content\/uploads\/2026\/01\/f5f01d5039589f374e272fcf813536d4839b1c26-scaled.png","contentUrl":"https:\/\/bdlp.mc\/wp-content\/uploads\/2026\/01\/f5f01d5039589f374e272fcf813536d4839b1c26-scaled.png","width":2560,"height":549,"caption":"BD LP"},"image":{"@id":"https:\/\/bdlp.mc\/it\/#\/schema\/logo\/image\/"}}]}},"_links":{"self":[{"href":"https:\/\/bdlp.mc\/it\/wp-json\/wp\/v2\/pages\/1254","targetHints":{"allow":["GET"]}}],"collection":[{"href":"https:\/\/bdlp.mc\/it\/wp-json\/wp\/v2\/pages"}],"about":[{"href":"https:\/\/bdlp.mc\/it\/wp-json\/wp\/v2\/types\/page"}],"author":[{"embeddable":true,"href":"https:\/\/bdlp.mc\/it\/wp-json\/wp\/v2\/users\/1"}],"replies":[{"embeddable":true,"href":"https:\/\/bdlp.mc\/it\/wp-json\/wp\/v2\/comments?post=1254"}],"version-history":[{"count":3,"href":"https:\/\/bdlp.mc\/it\/wp-json\/wp\/v2\/pages\/1254\/revisions"}],"predecessor-version":[{"id":1476,"href":"https:\/\/bdlp.mc\/it\/wp-json\/wp\/v2\/pages\/1254\/revisions\/1476"}],"wp:featuredmedia":[{"embeddable":true,"href":"https:\/\/bdlp.mc\/it\/wp-json\/wp\/v2\/media\/1457"}],"wp:attachment":[{"href":"https:\/\/bdlp.mc\/it\/wp-json\/wp\/v2\/media?parent=1254"}],"curies":[{"name":"wp","href":"https:\/\/api.w.org\/{rel}","templated":true}]}}